{"id":9,"date":"2010-09-10T22:55:56","date_gmt":"2010-09-10T22:55:56","guid":{"rendered":"http:\/\/construinforme.com\/main\/?page_id=9"},"modified":"2010-09-10T22:55:56","modified_gmt":"2010-09-10T22:55:56","slug":"contactenos","status":"publish","type":"page","link":"https:\/\/new.construinforme.com\/?page_id=9","title":{"rendered":"Contactenos"},"content":{"rendered":"<p><strong>Cont\u00e1ctenos v\u00eda:<\/strong><\/p>\n<p>Email: info@construinforme.com<br \/>\nChat v\u00eda Facebook:\u00a0<a href=\"https:\/\/www.messenger.com\/t\/construinforme\">https:\/\/www.messenger.com\/t\/construinforme<\/a><br \/>\nO escanee el siguiente c\u00f3digo:<\/p>\n<p><img loading=\"lazy\" decoding=\"async\" class=\"size-medium wp-image-154 alignnone\" src=\"http:\/\/construinforme.com\/main\/wp-content\/uploads\/2010\/09\/messenger_code_303271999061-300x300.png\" alt=\"messenger_code_303271999061\" width=\"300\" height=\"300\" srcset=\"https:\/\/new.construinforme.com\/wp-content\/uploads\/2010\/09\/messenger_code_303271999061-300x300.png 300w, https:\/\/new.construinforme.com\/wp-content\/uploads\/2010\/09\/messenger_code_303271999061-150x150.png 150w, https:\/\/new.construinforme.com\/wp-content\/uploads\/2010\/09\/messenger_code_303271999061.png 500w\" sizes=\"auto, (max-width: 300px) 100vw, 300px\" \/><\/p>\n<p><strong>S\u00edguenos\u00a0en:<\/strong><\/p>\n<p><a href=\"https:\/\/facebook.com\/construinforme\">Facebook<\/a><br \/>\n<a href=\"https:\/\/twitter.com\/construinforme\">Twitter<\/a><\/p>\n","protected":false},"excerpt":{"rendered":"<p>Cont\u00e1ctenos v\u00eda: Email: info@construinforme.com Chat v\u00eda Facebook:\u00a0https:\/\/www.messenger.com\/t\/construinforme O escanee el siguiente c\u00f3digo: S\u00edguenos\u00a0en: Facebook Twitter<\/p>\n","protected":false},"author":1,"featured_media":0,"parent":0,"menu_order":0,"comment_status":"closed","ping_status":"closed","template":"","meta":{"footnotes":""},"class_list":["post-9","page","type-page","status-publish","hentry"],"_links":{"self":[{"href":"https:\/\/new.construinforme.com\/index.php?rest_route=\/wp\/v2\/pages\/9","targetHints":{"allow":["GET"]}}],"collection":[{"href":"https:\/\/new.construinforme.com\/index.php?rest_route=\/wp\/v2\/pages"}],"about":[{"href":"https:\/\/new.construinforme.com\/index.php?rest_route=\/wp\/v2\/types\/page"}],"author":[{"embeddable":true,"href":"https:\/\/new.construinforme.com\/index.php?rest_route=\/wp\/v2\/users\/1"}],"replies":[{"embeddable":true,"href":"https:\/\/new.construinforme.com\/index.php?rest_route=%2Fwp%2Fv2%2Fcomments&post=9"}],"version-history":[{"count":0,"href":"https:\/\/new.construinforme.com\/index.php?rest_route=\/wp\/v2\/pages\/9\/revisions"}],"wp:attachment":[{"href":"https:\/\/new.construinforme.com\/index.php?rest_route=%2Fwp%2Fv2%2Fmedia&parent=9"}],"curies":[{"name":"wp","href":"https:\/\/api.w.org\/{rel}","templated":true}]}}